{"id":2173,"date":"2020-01-14T14:10:46","date_gmt":"2020-01-14T13:10:46","guid":{"rendered":"https:\/\/bfw.gv.at\/?page_id=2173"},"modified":"2025-08-25T16:03:17","modified_gmt":"2025-08-25T14:03:17","slug":"forest-inventory","status":"publish","type":"page","link":"https:\/\/www.bfw.gv.at\/en\/departments-en\/forest-inventory\/","title":{"rendered":"Forest Inventory"},"content":{"rendered":"\n<p>The main task of the department is to plan, carry out, and evaluate the Austrian Forest Inventory (\u00d6WI). The aim of this large-scale monitoring is to provide information about the condition and changes in the forest ecosystem and the resources of wood as a raw material. The \u00d6WI results serve as a basis for decision-making in forest and environmental policy and provide a rich database for a variety of scientific projects.<\/p>\n\n\n\n<p>The \u00d6WI has been carried out at regular intervals since 1960. Since 2016, the extensive measurements and assessments of the \u00d6WI have been carried out annually on one-sixth of the sample areas. The current \u00d6WI evaluations cover the surveys for the years 2018-2023 <a href=\"https:\/\/www.waldinventur.at\/#\/\" target=\"_blank\" rel=\"noreferrer noopener\">(www.waldinventur.at)<\/a>.<\/p>\n\n\n\n<p>The increasing integration of modern remote sensing technologies enables the creation of comprehensive thematic maps such as the Austria-wide forest map and the tree species mix map. In addition, satellite images are used to detect damage in the forest and to generate so-called anomaly maps.<\/p>\n\n\n\n<p>The know-how is used for the participation in numerous international networks and projects. In the field of forest inventories, the institute plays a leading role in Europe in harmonizing forest information. In addition, the institute carries out Austria-wide wildlife impact monitoring <a href=\"https:\/\/bfw.ac.at\/rz\/bfwcms2.web?dok=6299\" target=\"_blank\" rel=\"noreferrer noopener\">(www.wildeinflussmonitoring.at)<\/a>.<\/p>\n\n\n\n<p><\/p>\n","protected":false},"excerpt":{"rendered":"<p>The main task of the department is to plan, carry out, and evaluate the Austrian Forest Inventory (\u00d6WI). The aim of this large-scale monitoring is to provide information about the condition and changes in the forest ecosystem and the resources of wood as a raw material. The \u00d6WI results serve as a basis for decision-making [&hellip;]<\/p>\n","protected":false},"author":4,"featured_media":115506,"parent":2161,"menu_order":0,"comment_status":"closed","ping_status":"closed","template":"template-institut.php","meta":{"_acf_changed":false,"footnotes":""},"class_list":["post-2173","page","type-page","status-publish","has-post-thumbnail","hentry"],"acf":[],"yoast_head":"<!-- This site is optimized with the Yoast SEO plugin v27.3 - https:\/\/yoast.com\/product\/yoast-seo-wordpress\/ -->\n<title>Forest Inventory - BFW<\/title>\n<meta name=\"robots\" content=\"index, follow, max-snippet:-1, max-image-preview:large, max-video-preview:-1\" \/>\n<link rel=\"canonical\" href=\"https:\/\/www.bfw.gv.at\/en\/departments-en\/forest-inventory\/\" \/>\n<meta property=\"og:locale\" content=\"en_US\" \/>\n<meta property=\"og:type\" content=\"article\" \/>\n<meta property=\"og:title\" content=\"Forest Inventory - BFW\" \/>\n<meta property=\"og:description\" content=\"The main task of the department is to plan, carry out, and evaluate the Austrian Forest Inventory (\u00d6WI). The aim of this large-scale monitoring is to provide information about the condition and changes in the forest ecosystem and the resources of wood as a raw material. The \u00d6WI results serve as a basis for decision-making [&hellip;]\" \/>\n<meta property=\"og:url\" content=\"https:\/\/www.bfw.gv.at\/en\/departments-en\/forest-inventory\/\" \/>\n<meta property=\"og:site_name\" content=\"BFW\" \/>\n<meta property=\"article:publisher\" content=\"https:\/\/www.facebook.com\/BundesforschungszentrumWald\/\" \/>\n<meta property=\"article:modified_time\" content=\"2025-08-25T14:03:17+00:00\" \/>\n<meta property=\"og:image\" content=\"https:\/\/www.bfw.gv.at\/wp-content\/uploads\/oewi2019_028_-scaled.jpg\" \/>\n\t<meta property=\"og:image:width\" content=\"2560\" \/>\n\t<meta property=\"og:image:height\" content=\"1696\" \/>\n\t<meta property=\"og:image:type\" content=\"image\/jpeg\" \/>\n<meta name=\"twitter:card\" content=\"summary_large_image\" \/>\n<meta name=\"twitter:site\" content=\"@bfwald\" \/>\n<meta name=\"twitter:label1\" content=\"Est. reading time\" \/>\n\t<meta name=\"twitter:data1\" content=\"2 minutes\" \/>\n<script type=\"application\/ld+json\" class=\"yoast-schema-graph\">{\"@context\":\"https:\\\/\\\/schema.org\",\"@graph\":[{\"@type\":\"WebPage\",\"@id\":\"https:\\\/\\\/www.bfw.gv.at\\\/en\\\/departments-en\\\/forest-inventory\\\/\",\"url\":\"https:\\\/\\\/www.bfw.gv.at\\\/en\\\/departments-en\\\/forest-inventory\\\/\",\"name\":\"Forest Inventory - BFW\",\"isPartOf\":{\"@id\":\"https:\\\/\\\/www.bfw.gv.at\\\/en\\\/#website\"},\"primaryImageOfPage\":{\"@id\":\"https:\\\/\\\/www.bfw.gv.at\\\/en\\\/departments-en\\\/forest-inventory\\\/#primaryimage\"},\"image\":{\"@id\":\"https:\\\/\\\/www.bfw.gv.at\\\/en\\\/departments-en\\\/forest-inventory\\\/#primaryimage\"},\"thumbnailUrl\":\"https:\\\/\\\/www.bfw.gv.at\\\/wp-content\\\/uploads\\\/oewi2019_028_-scaled.jpg\",\"datePublished\":\"2020-01-14T13:10:46+00:00\",\"dateModified\":\"2025-08-25T14:03:17+00:00\",\"breadcrumb\":{\"@id\":\"https:\\\/\\\/www.bfw.gv.at\\\/en\\\/departments-en\\\/forest-inventory\\\/#breadcrumb\"},\"inLanguage\":\"en-US\",\"potentialAction\":[{\"@type\":\"ReadAction\",\"target\":[\"https:\\\/\\\/www.bfw.gv.at\\\/en\\\/departments-en\\\/forest-inventory\\\/\"]}]},{\"@type\":\"ImageObject\",\"inLanguage\":\"en-US\",\"@id\":\"https:\\\/\\\/www.bfw.gv.at\\\/en\\\/departments-en\\\/forest-inventory\\\/#primaryimage\",\"url\":\"https:\\\/\\\/www.bfw.gv.at\\\/wp-content\\\/uploads\\\/oewi2019_028_-scaled.jpg\",\"contentUrl\":\"https:\\\/\\\/www.bfw.gv.at\\\/wp-content\\\/uploads\\\/oewi2019_028_-scaled.jpg\",\"width\":2560,\"height\":1696},{\"@type\":\"BreadcrumbList\",\"@id\":\"https:\\\/\\\/www.bfw.gv.at\\\/en\\\/departments-en\\\/forest-inventory\\\/#breadcrumb\",\"itemListElement\":[{\"@type\":\"ListItem\",\"position\":1,\"name\":\"Startseite\",\"item\":\"https:\\\/\\\/www.bfw.gv.at\\\/en\\\/\"},{\"@type\":\"ListItem\",\"position\":2,\"name\":\"Departments\",\"item\":\"https:\\\/\\\/www.bfw.gv.at\\\/en\\\/departments-en\\\/\"},{\"@type\":\"ListItem\",\"position\":3,\"name\":\"Forest Inventory\"}]},{\"@type\":\"WebSite\",\"@id\":\"https:\\\/\\\/www.bfw.gv.at\\\/en\\\/#website\",\"url\":\"https:\\\/\\\/www.bfw.gv.at\\\/en\\\/\",\"name\":\"BFW\",\"description\":\"der forstliche Partner f\u00fcr Praxis, Politik und Wissenschaft - BFW\",\"publisher\":{\"@id\":\"https:\\\/\\\/www.bfw.gv.at\\\/en\\\/#organization\"},\"potentialAction\":[{\"@type\":\"SearchAction\",\"target\":{\"@type\":\"EntryPoint\",\"urlTemplate\":\"https:\\\/\\\/www.bfw.gv.at\\\/en\\\/?s={search_term_string}\"},\"query-input\":{\"@type\":\"PropertyValueSpecification\",\"valueRequired\":true,\"valueName\":\"search_term_string\"}}],\"inLanguage\":\"en-US\"},{\"@type\":\"Organization\",\"@id\":\"https:\\\/\\\/www.bfw.gv.at\\\/en\\\/#organization\",\"name\":\"Bundesforschungs- und Ausbildungszentrum f\u00fcr Wald, Naturgefahren und Landschaft (BFW)\",\"url\":\"https:\\\/\\\/www.bfw.gv.at\\\/en\\\/\",\"logo\":{\"@type\":\"ImageObject\",\"inLanguage\":\"en-US\",\"@id\":\"https:\\\/\\\/www.bfw.gv.at\\\/en\\\/#\\\/schema\\\/logo\\\/image\\\/\",\"url\":\"https:\\\/\\\/bfw.gv.at\\\/wp-content\\\/uploads\\\/NEU_BFW-Logo_2012_quer_3425_GROSS.png\",\"contentUrl\":\"https:\\\/\\\/bfw.gv.at\\\/wp-content\\\/uploads\\\/NEU_BFW-Logo_2012_quer_3425_GROSS.png\",\"width\":909,\"height\":442,\"caption\":\"Bundesforschungs- und Ausbildungszentrum f\u00fcr Wald, Naturgefahren und Landschaft (BFW)\"},\"image\":{\"@id\":\"https:\\\/\\\/www.bfw.gv.at\\\/en\\\/#\\\/schema\\\/logo\\\/image\\\/\"},\"sameAs\":[\"https:\\\/\\\/www.facebook.com\\\/BundesforschungszentrumWald\\\/\",\"https:\\\/\\\/x.com\\\/bfwald\",\"https:\\\/\\\/www.instagram.com\\\/bundesforschungszentrum_wald\\\/?hl=de\",\"https:\\\/\\\/www.linkedin.com\\\/company\\\/bundesforschungszentrum-wald-bfw\\\/?originalSubdomain=at\",\"https:\\\/\\\/www.youtube.com\\\/channel\\\/UCzC97VY1wD20CfnaRnijYDw\"]}]}<\/script>\n<!-- \/ Yoast SEO plugin. -->","yoast_head_json":{"title":"Forest Inventory - BFW","robots":{"index":"index","follow":"follow","max-snippet":"max-snippet:-1","max-image-preview":"max-image-preview:large","max-video-preview":"max-video-preview:-1"},"canonical":"https:\/\/www.bfw.gv.at\/en\/departments-en\/forest-inventory\/","og_locale":"en_US","og_type":"article","og_title":"Forest Inventory - BFW","og_description":"The main task of the department is to plan, carry out, and evaluate the Austrian Forest Inventory (\u00d6WI). The aim of this large-scale monitoring is to provide information about the condition and changes in the forest ecosystem and the resources of wood as a raw material. The \u00d6WI results serve as a basis for decision-making [&hellip;]","og_url":"https:\/\/www.bfw.gv.at\/en\/departments-en\/forest-inventory\/","og_site_name":"BFW","article_publisher":"https:\/\/www.facebook.com\/BundesforschungszentrumWald\/","article_modified_time":"2025-08-25T14:03:17+00:00","og_image":[{"width":2560,"height":1696,"url":"https:\/\/www.bfw.gv.at\/wp-content\/uploads\/oewi2019_028_-scaled.jpg","type":"image\/jpeg"}],"twitter_card":"summary_large_image","twitter_site":"@bfwald","twitter_misc":{"Est. reading time":"2 minutes"},"schema":{"@context":"https:\/\/schema.org","@graph":[{"@type":"WebPage","@id":"https:\/\/www.bfw.gv.at\/en\/departments-en\/forest-inventory\/","url":"https:\/\/www.bfw.gv.at\/en\/departments-en\/forest-inventory\/","name":"Forest Inventory - BFW","isPartOf":{"@id":"https:\/\/www.bfw.gv.at\/en\/#website"},"primaryImageOfPage":{"@id":"https:\/\/www.bfw.gv.at\/en\/departments-en\/forest-inventory\/#primaryimage"},"image":{"@id":"https:\/\/www.bfw.gv.at\/en\/departments-en\/forest-inventory\/#primaryimage"},"thumbnailUrl":"https:\/\/www.bfw.gv.at\/wp-content\/uploads\/oewi2019_028_-scaled.jpg","datePublished":"2020-01-14T13:10:46+00:00","dateModified":"2025-08-25T14:03:17+00:00","breadcrumb":{"@id":"https:\/\/www.bfw.gv.at\/en\/departments-en\/forest-inventory\/#breadcrumb"},"inLanguage":"en-US","potentialAction":[{"@type":"ReadAction","target":["https:\/\/www.bfw.gv.at\/en\/departments-en\/forest-inventory\/"]}]},{"@type":"ImageObject","inLanguage":"en-US","@id":"https:\/\/www.bfw.gv.at\/en\/departments-en\/forest-inventory\/#primaryimage","url":"https:\/\/www.bfw.gv.at\/wp-content\/uploads\/oewi2019_028_-scaled.jpg","contentUrl":"https:\/\/www.bfw.gv.at\/wp-content\/uploads\/oewi2019_028_-scaled.jpg","width":2560,"height":1696},{"@type":"BreadcrumbList","@id":"https:\/\/www.bfw.gv.at\/en\/departments-en\/forest-inventory\/#breadcrumb","itemListElement":[{"@type":"ListItem","position":1,"name":"Startseite","item":"https:\/\/www.bfw.gv.at\/en\/"},{"@type":"ListItem","position":2,"name":"Departments","item":"https:\/\/www.bfw.gv.at\/en\/departments-en\/"},{"@type":"ListItem","position":3,"name":"Forest Inventory"}]},{"@type":"WebSite","@id":"https:\/\/www.bfw.gv.at\/en\/#website","url":"https:\/\/www.bfw.gv.at\/en\/","name":"BFW","description":"der forstliche Partner f\u00fcr Praxis, Politik und Wissenschaft - BFW","publisher":{"@id":"https:\/\/www.bfw.gv.at\/en\/#organization"},"potentialAction":[{"@type":"SearchAction","target":{"@type":"EntryPoint","urlTemplate":"https:\/\/www.bfw.gv.at\/en\/?s={search_term_string}"},"query-input":{"@type":"PropertyValueSpecification","valueRequired":true,"valueName":"search_term_string"}}],"inLanguage":"en-US"},{"@type":"Organization","@id":"https:\/\/www.bfw.gv.at\/en\/#organization","name":"Bundesforschungs- und Ausbildungszentrum f\u00fcr Wald, Naturgefahren und Landschaft (BFW)","url":"https:\/\/www.bfw.gv.at\/en\/","logo":{"@type":"ImageObject","inLanguage":"en-US","@id":"https:\/\/www.bfw.gv.at\/en\/#\/schema\/logo\/image\/","url":"https:\/\/bfw.gv.at\/wp-content\/uploads\/NEU_BFW-Logo_2012_quer_3425_GROSS.png","contentUrl":"https:\/\/bfw.gv.at\/wp-content\/uploads\/NEU_BFW-Logo_2012_quer_3425_GROSS.png","width":909,"height":442,"caption":"Bundesforschungs- und Ausbildungszentrum f\u00fcr Wald, Naturgefahren und Landschaft (BFW)"},"image":{"@id":"https:\/\/www.bfw.gv.at\/en\/#\/schema\/logo\/image\/"},"sameAs":["https:\/\/www.facebook.com\/BundesforschungszentrumWald\/","https:\/\/x.com\/bfwald","https:\/\/www.instagram.com\/bundesforschungszentrum_wald\/?hl=de","https:\/\/www.linkedin.com\/company\/bundesforschungszentrum-wald-bfw\/?originalSubdomain=at","https:\/\/www.youtube.com\/channel\/UCzC97VY1wD20CfnaRnijYDw"]}]}},"_links":{"self":[{"href":"https:\/\/www.bfw.gv.at\/en\/wp-json\/wp\/v2\/pages\/2173","targetHints":{"allow":["GET"]}}],"collection":[{"href":"https:\/\/www.bfw.gv.at\/en\/wp-json\/wp\/v2\/pages"}],"about":[{"href":"https:\/\/www.bfw.gv.at\/en\/wp-json\/wp\/v2\/types\/page"}],"author":[{"embeddable":true,"href":"https:\/\/www.bfw.gv.at\/en\/wp-json\/wp\/v2\/users\/4"}],"replies":[{"embeddable":true,"href":"https:\/\/www.bfw.gv.at\/en\/wp-json\/wp\/v2\/comments?post=2173"}],"version-history":[{"count":18,"href":"https:\/\/www.bfw.gv.at\/en\/wp-json\/wp\/v2\/pages\/2173\/revisions"}],"predecessor-version":[{"id":118065,"href":"https:\/\/www.bfw.gv.at\/en\/wp-json\/wp\/v2\/pages\/2173\/revisions\/118065"}],"up":[{"embeddable":true,"href":"https:\/\/www.bfw.gv.at\/en\/wp-json\/wp\/v2\/pages\/2161"}],"wp:featuredmedia":[{"embeddable":true,"href":"https:\/\/www.bfw.gv.at\/en\/wp-json\/wp\/v2\/media\/115506"}],"wp:attachment":[{"href":"https:\/\/www.bfw.gv.at\/en\/wp-json\/wp\/v2\/media?parent=2173"}],"curies":[{"name":"wp","href":"https:\/\/api.w.org\/{rel}","templated":true}]}}